{"id":9653,"date":"2023-10-03T20:50:53","date_gmt":"2023-10-03T18:50:53","guid":{"rendered":"https:\/\/myfootprint.app\/mach-mit-bei-unserem-footprint-user-tests-hilf-uns-die-zukunft-des-schuheinkaufs-zu-gestalten\/"},"modified":"2023-10-04T02:44:08","modified_gmt":"2023-10-04T00:44:08","slug":"mach-mit-bei-unserem-footprint-user-tests-hilf-uns-die-zukunft-des-schuheinkaufs-zu-gestalten","status":"publish","type":"page","link":"https:\/\/myfootprint.app\/de\/mach-mit-bei-unserem-footprint-user-tests-hilf-uns-die-zukunft-des-schuheinkaufs-zu-gestalten\/","title":{"rendered":"Mach mit bei unserem Footprint User Tests &#8211; Hilf uns, die Zukunft des Schuheinkaufs zu gestalten."},"content":{"rendered":"\t\t<div data-elementor-type=\"wp-page\" data-elementor-id=\"9653\" class=\"elementor elementor-9653 elementor-8909\" data-elementor-post-type=\"page\">\n\t\t\t\t<div class=\"elementor-element elementor-element-a327f35 e-flex e-con-boxed elementor-invisible e-con e-parent\" data-id=\"a327f35\" data-element_type=\"container\" data-settings=\"{&quot;background_background&quot;:&quot;classic&quot;,&quot;animation&quot;:&quot;fadeIn&quot;}\">\n\t\t\t\t\t<div class=\"e-con-inner\">\n\t\t<div class=\"elementor-element elementor-element-6ea13d1 e-con-full e-flex e-con e-child\" data-id=\"6ea13d1\" data-element_type=\"container\">\n\t\t<div class=\"elementor-element elementor-element-4c4c93c e-con-full elementor-hidden-mobile e-flex e-con e-child\" data-id=\"4c4c93c\" data-element_type=\"container\">\n\t\t\t\t<div class=\"elementor-element elementor-element-76c0104 elementor-widget elementor-widget-image\" data-id=\"76c0104\" data-element_type=\"widget\" data-widget_type=\"image.default\">\n\t\t\t\t<div class=\"elementor-widget-container\">\n\t\t\t<style>\/*! elementor - v3.22.0 - 26-06-2024 *\/\n.elementor-widget-image{text-align:center}.elementor-widget-image a{display:inline-block}.elementor-widget-image a img[src$=\".svg\"]{width:48px}.elementor-widget-image img{vertical-align:middle;display:inline-block}<\/style>\t\t\t\t\t\t\t\t\t\t<img fetchpriority=\"high\" decoding=\"async\" width=\"800\" height=\"800\" src=\"https:\/\/myfootprint.app\/wp-content\/uploads\/2023\/09\/yeti_new@2x.0c942a0763738c2acbf7-1-1024x1024.png\" class=\"attachment-large size-large wp-image-9655\" alt=\"\" srcset=\"https:\/\/myfootprint.app\/wp-content\/uploads\/2023\/09\/yeti_new@2x.0c942a0763738c2acbf7-1-1024x1024.png 1024w, https:\/\/myfootprint.app\/wp-content\/uploads\/2023\/09\/yeti_new@2x.0c942a0763738c2acbf7-1-300x300.png 300w, https:\/\/myfootprint.app\/wp-content\/uploads\/2023\/09\/yeti_new@2x.0c942a0763738c2acbf7-1-150x150.png 150w, https:\/\/myfootprint.app\/wp-content\/uploads\/2023\/09\/yeti_new@2x.0c942a0763738c2acbf7-1-768x768.png 768w, https:\/\/myfootprint.app\/wp-content\/uploads\/2023\/09\/yeti_new@2x.0c942a0763738c2acbf7-1-1536x1536.png 1536w, https:\/\/myfootprint.app\/wp-content\/uploads\/2023\/09\/yeti_new@2x.0c942a0763738c2acbf7-1.png 1538w\" sizes=\"(max-width: 800px) 100vw, 800px\" \/>\t\t\t\t\t\t\t\t\t\t\t\t\t<\/div>\n\t\t\t\t<\/div>\n\t\t\t\t<\/div>\n\t\t<div class=\"elementor-element elementor-element-b7510bd e-con-full e-flex e-con e-child\" data-id=\"b7510bd\" data-element_type=\"container\">\n\t\t<div class=\"elementor-element elementor-element-966e290 e-flex e-con-boxed e-con e-child\" data-id=\"966e290\" data-element_type=\"container\">\n\t\t\t\t\t<div class=\"e-con-inner\">\n\t\t\t\t<div class=\"elementor-element elementor-element-1a8a946 elementor-hidden-desktop elementor-hidden-tablet elementor-widget elementor-widget-ucaddon_dual_color_heading\" data-id=\"1a8a946\" data-element_type=\"widget\" data-widget_type=\"ucaddon_dual_color_heading.default\">\n\t\t\t\t<div class=\"elementor-widget-container\">\n\t\t\t\n<!-- start Dual Color Heading -->\n\n<div style=\"text-align:center;\">\n  <h2>\n    <span class=\"ue-title-one\">Wir k\u00f6nnen noch viel besser werden.<\/span> <span class=\"ue-title-two\">Versprochen.<\/span>\n  <\/h2>\n<\/div>\n<!-- end Dual Color Heading -->\t\t<\/div>\n\t\t\t\t<\/div>\n\t\t\t\t<div class=\"elementor-element elementor-element-fef8872 elementor-hidden-mobile elementor-widget elementor-widget-ucaddon_dual_color_heading\" data-id=\"fef8872\" data-element_type=\"widget\" data-widget_type=\"ucaddon_dual_color_heading.default\">\n\t\t\t\t<div class=\"elementor-widget-container\">\n\t\t\t\n<!-- start Dual Color Heading -->\n\n<div style=\"text-align:left;\">\n  <h2>\n    <span class=\"ue-title-one\">Wir k\u00f6nnen noch viel besser werden.<\/span> <span class=\"ue-title-two\">Versprochen.<\/span>\n  <\/h2>\n<\/div>\n<!-- end Dual Color Heading -->\t\t<\/div>\n\t\t\t\t<\/div>\n\t\t\t\t<div class=\"elementor-element elementor-element-e65710b elementor-widget-mobile__width-inherit elementor-invisible elementor-widget elementor-widget-text-editor\" data-id=\"e65710b\" data-element_type=\"widget\" data-settings=\"{&quot;_animation&quot;:&quot;fadeIn&quot;}\" data-widget_type=\"text-editor.default\">\n\t\t\t\t<div class=\"elementor-widget-container\">\n\t\t\t<style>\/*! elementor - v3.22.0 - 26-06-2024 *\/\n.elementor-widget-text-editor.elementor-drop-cap-view-stacked .elementor-drop-cap{background-color:#69727d;color:#fff}.elementor-widget-text-editor.elementor-drop-cap-view-framed .elementor-drop-cap{color:#69727d;border:3px solid;background-color:transparent}.elementor-widget-text-editor:not(.elementor-drop-cap-view-default) .elementor-drop-cap{margin-top:8px}.elementor-widget-text-editor:not(.elementor-drop-cap-view-default) .elementor-drop-cap-letter{width:1em;height:1em}.elementor-widget-text-editor .elementor-drop-cap{float:left;text-align:center;line-height:1;font-size:50px}.elementor-widget-text-editor .elementor-drop-cap-letter{display:inline-block}<\/style>\t\t\t\t<div class=\"text-[1.125rem] mdSide:text-[1.25rem] mdSide:w-2\/3 lg:text-[1.375rem] md:w-2\/3 lg:w-2\/3 text-darkslateblue self-start justify-start\">\n<div class=\"ut-sub-title mt-6 lg:w-2\/3 st-hover\">Unterst\u00fctze uns bei unserer Mission und hilf uns, Retouren beim Online-Shopping deutlich zu reduzieren und nachhaltiger zu machen.<\/div>\n<\/div>\n\t\t\t\t\t\t<\/div>\n\t\t\t\t<\/div>\n\t\t\t\t<div class=\"elementor-element elementor-element-1159f5f elementor-align-left elementor-mobile-align-justify elementor-widget elementor-widget-button\" data-id=\"1159f5f\" data-element_type=\"widget\" data-widget_type=\"button.default\">\n\t\t\t\t<div class=\"elementor-widget-container\">\n\t\t\t\t\t<div class=\"elementor-button-wrapper\">\n\t\t\t<a class=\"elementor-button elementor-button-link elementor-size-sm\" href=\"https:\/\/myfootprint.app\/de\/kontakt\/\">\n\t\t\t\t\t\t<span class=\"elementor-button-content-wrapper\">\n\t\t\t\t\t\t<span class=\"elementor-button-icon\">\n\t\t\t\t<i aria-hidden=\"true\" class=\"icon icon-right-arrow1\"><\/i>\t\t\t<\/span>\n\t\t\t\t\t\t\t\t\t<span class=\"elementor-button-text\">Online-Termin buchen<\/span>\n\t\t\t\t\t<\/span>\n\t\t\t\t\t<\/a>\n\t\t<\/div>\n\t\t\t\t<\/div>\n\t\t\t\t<\/div>\n\t\t\t\t\t<\/div>\n\t\t\t\t<\/div>\n\t\t<div class=\"elementor-element elementor-element-0b0dc31 e-flex e-con-boxed e-con e-child\" data-id=\"0b0dc31\" data-element_type=\"container\">\n\t\t\t\t\t<div class=\"e-con-inner\">\n\t\t\t\t<div class=\"elementor-element elementor-element-17a7f0a elementor-widget__width-inherit elementor-view-default elementor-position-top elementor-mobile-position-top elementor-widget elementor-widget-icon-box\" data-id=\"17a7f0a\" data-element_type=\"widget\" data-widget_type=\"icon-box.default\">\n\t\t\t\t<div class=\"elementor-widget-container\">\n\t\t\t<link rel=\"stylesheet\" href=\"https:\/\/myfootprint.app\/wp-content\/plugins\/elementor\/assets\/css\/widget-icon-box.min.css\">\t\t<div class=\"elementor-icon-box-wrapper\">\n\n\t\t\t\t\t\t<div class=\"elementor-icon-box-icon\">\n\t\t\t\t<span  class=\"elementor-icon elementor-animation-\">\n\t\t\t\t<svg xmlns=\"http:\/\/www.w3.org\/2000\/svg\" data-name=\"Component 88 &#x2013; 4\" width=\"58\" height=\"58\" viewBox=\"0 0 58 58\"><g data-name=\"Group 8146\"><path data-name=\"Path 2319\" d=\"M27.8 33.355v4.795a5.754 5.754 0 0 1-5.752 5.75H7.664a5.754 5.754 0 0 1-5.754-5.75V6.5A5.754 5.754 0 0 1 7.664.75h13.425\" transform=\"translate(7.737 6.673)\" style=\"stroke-linecap:round;stroke-linejoin:round;fill:none;stroke:#1e4e5f;stroke-width:3px\"><\/path><path data-name=\"Path 2320\" d=\"M14.633 18.389c-2.474 2.493-7.518 1.4-7.518 1.4s-1.093-4.987 1.4-7.461a3.644 3.644 0 0 1 5.754.384 3.644 3.644 0 0 1 .364 5.677z\" transform=\"translate(12.295 16.173)\" style=\"stroke-linecap:round;stroke-linejoin:round;fill:none;stroke:#1e4e5f;stroke-width:3px\"><\/path><path data-name=\"Path 2321\" d=\"m13.954 16.671 4.68 4.68 1.477 4.641a1.191 1.191 0 0 0 .69.729.748.748 0 0 0 .825-.1l4.354-3.836a3.011 3.011 0 0 0 .4-3.376l-.94-2.186 6.1-3.682a6.443 6.443 0 0 0 2.973-5.313l-.173-7.173L27.072.79a6.445 6.445 0 0 0-5.312 2.973l-3.99 6.578-2.129-1.016a3.011 3.011 0 0 0-3.376.4l-3.586 3.954a.748.748 0 0 0 0 .825 1.228 1.228 0 0 0 .729.69z\" transform=\"translate(13.837 6.71)\" style=\"stroke-linecap:round;stroke-linejoin:round;fill:none;stroke:#1e4e5f;stroke-width:3px\"><\/path><path data-name=\"Path 2322\" d=\"M18.584 5.7a.719.719 0 0 1 0-1.438\" transform=\"translate(22.383 9.9)\" style=\"fill:none;stroke:#1e4e5f;stroke-width:3px\"><\/path><path data-name=\"Path 2323\" d=\"M18.24 5.7a.719.719 0 0 0 0-1.438\" transform=\"translate(22.727 9.9)\" style=\"fill:none;stroke:#1e4e5f;stroke-width:3px\"><\/path><path data-name=\"Path 2324\" d=\"M1.91 19H27.8\" transform=\"translate(7.737 23.425)\" style=\"stroke-linecap:round;stroke-linejoin:round;fill:none;stroke:#1e4e5f;stroke-width:3px\"><\/path><\/g><\/svg>\t\t\t\t<\/span>\n\t\t\t<\/div>\n\t\t\t\n\t\t\t\t\t\t<div class=\"elementor-icon-box-content\">\n\n\t\t\t\t\t\t\t\t\t<h3 class=\"elementor-icon-box-title\">\n\t\t\t\t\t\t<span  >\n\t\t\t\t\t\t\tUnser Produkt mitgestalten.\t\t\t\t\t\t<\/span>\n\t\t\t\t\t<\/h3>\n\t\t\t\t\n\t\t\t\t\t\t\t\t\t<p class=\"elementor-icon-box-description\">\n\t\t\t\t\t\tDen perfekten Schuh zu finden, ist nicht einfach. Aber mit deinem Feedback und deinen Ideen k\u00f6nnen wir noch besser werden und dir die perfekte Gr\u00f6\u00dfenempfehlung f\u00fcr jeden Schuh geben, jedes Mal. Aber mit deinem Feedback und deinen Ideen k\u00f6nnen wir noch besser werden und dir die perfekte Gr\u00f6\u00dfenempfehlung f\u00fcr jeden Schuh geben, jedes Mal.\t\t\t\t\t<\/p>\n\t\t\t\t\n\t\t\t<\/div>\n\t\t\t\n\t\t<\/div>\n\t\t\t\t<\/div>\n\t\t\t\t<\/div>\n\t\t\t\t<div class=\"elementor-element elementor-element-c0eb548 elementor-widget__width-inherit elementor-view-default elementor-position-top elementor-mobile-position-top elementor-widget elementor-widget-icon-box\" data-id=\"c0eb548\" data-element_type=\"widget\" data-widget_type=\"icon-box.default\">\n\t\t\t\t<div class=\"elementor-widget-container\">\n\t\t\t\t\t<div class=\"elementor-icon-box-wrapper\">\n\n\t\t\t\t\t\t<div class=\"elementor-icon-box-icon\">\n\t\t\t\t<span  class=\"elementor-icon elementor-animation-\">\n\t\t\t\t<svg xmlns=\"http:\/\/www.w3.org\/2000\/svg\" data-name=\"Component 89 &#x2013; 5\" width=\"78\" height=\"78\" viewBox=\"0 0 78 78\"><g data-name=\"Group 8147\"><g data-name=\"Group 6776\"><g data-name=\"Group 6775\"><path data-name=\"Line 23\" transform=\"translate(45.274 54.369)\" style=\"fill:none;stroke:#1e4e5f;stroke-linecap:round;stroke-linejoin:round;stroke-width:3px\" d=\"M12.625 0 0 2.507\"><\/path><path data-name=\"Path 2312\" d=\"M3.68 20.1h5.583l8 8.978a3.213 3.213 0 0 0 2.279 1.048 105.234 105.234 0 0 0 13.08-11.143c.251-.706-.228-1.413-.661-2.005L26.24 9.59\" transform=\"translate(16.368 34.297)\" style=\"fill:none;stroke:#1e4e5f;stroke-linecap:round;stroke-linejoin:round;stroke-width:3px\"><\/path><path data-name=\"Path 2313\" d=\"m19.314 7.975-.8-.684a4.922 4.922 0 0 0-2.8-.912 4.74 4.74 0 0 0-1.777.342L3.75 10.778\" transform=\"translate(16.457 30.192)\" style=\"fill:none;stroke:#1e4e5f;stroke-linecap:round;stroke-linejoin:round;stroke-width:3px\"><\/path><path data-name=\"Path 2314\" d=\"M.75 6.6h4.558a2.279 2.279 0 0 1 2.278 2.1v14.63a2.279 2.279 0 0 1-2.278 2.07H.75\" transform=\"translate(12.621 30.473)\" style=\"fill:none;stroke:#1e4e5f;stroke-linecap:round;stroke-linejoin:round;stroke-width:3px\"><\/path><path data-name=\"Path 2315\" d=\"M27.086 25.4h-4.557a2.279 2.279 0 0 1-2.279-2.074V8.7a2.279 2.279 0 0 1 2.279-2.1h4.558\" transform=\"translate(37.557 30.473)\" style=\"fill:none;stroke:#1e4e5f;stroke-linecap:round;stroke-linejoin:round;stroke-width:3px\"><\/path><\/g><path data-name=\"Path 2316\" d=\"m21.914 14.059-7.862 2.6A3.669 3.669 0 0 1 9.494 14.7a3.714 3.714 0 0 1 1.686-4.877l7.658-3.853a5.241 5.241 0 0 1 2.416-.57 5.583 5.583 0 0 1 1.823.319L34.47 9.867\" transform=\"translate(23.36 28.939)\" style=\"fill:none;stroke:#1e4e5f;stroke-linecap:round;stroke-linejoin:round;stroke-width:3px\"><\/path><\/g><g data-name=\"Group 6777\"><path data-name=\"Path 2317\" d=\"M9.815 20.041a7.1 7.1 0 0 1-7.095-7.095c0-10.289 12.381-5 18.345-9.95a.433.433 0 0 1 .452 0 .481.481 0 0 1 .283.358c1.818 10.609-6.03 16.687-11.985 16.687z\" transform=\"translate(27.541 10.442)\" style=\"fill:none;stroke:#1e4e5f;stroke-linecap:round;stroke-linejoin:round;stroke-width:3px\"><\/path><path data-name=\"Path 2318\" d=\"M12.537 11.55a23.555 23.555 0 0 0-8.112 4.042L.75 18.73\" transform=\"translate(27.655 9.944)\" style=\"fill:none;stroke:#1e4e5f;stroke-linecap:round;stroke-linejoin:round;stroke-width:3px\"><\/path><\/g><\/g><\/svg>\t\t\t\t<\/span>\n\t\t\t<\/div>\n\t\t\t\n\t\t\t\t\t\t<div class=\"elementor-icon-box-content\">\n\n\t\t\t\t\t\t\t\t\t<h3 class=\"elementor-icon-box-title\">\n\t\t\t\t\t\t<span  >\n\t\t\t\t\t\t\tNachhaltiger shoppen.\t\t\t\t\t\t<\/span>\n\t\t\t\t\t<\/h3>\n\t\t\t\t\n\t\t\t\t\t\t\t\t\t<p class=\"elementor-icon-box-description\">\n\t\t\t\t\t\tMit deinem Feedback hilfst du uns, neue L\u00f6sungen zu entwickeln, die das Online-Shopping noch nachhaltiger machen und so die Umwelt entlasten.\t\t\t\t\t<\/p>\n\t\t\t\t\n\t\t\t<\/div>\n\t\t\t\n\t\t<\/div>\n\t\t\t\t<\/div>\n\t\t\t\t<\/div>\n\t\t\t\t\t<\/div>\n\t\t\t\t<\/div>\n\t\t\t\t<\/div>\n\t\t\t\t<\/div>\n\t\t\t\t\t<\/div>\n\t\t\t\t<\/div>\n\t\t\t\t<\/div>\n\t\t","protected":false},"excerpt":{"rendered":"<p>Wir k\u00f6nnen noch viel besser werden. Versprochen. Wir k\u00f6nnen noch viel besser werden. Versprochen. Unterst\u00fctze uns bei unserer Mission und hilf uns, Retouren beim Online-Shopping deutlich zu reduzieren und nachhaltiger zu machen. Online-Termin buchen Unser Produkt mitgestalten. Den perfekten Schuh zu finden, ist nicht einfach. Aber mit deinem Feedback und deinen Ideen k\u00f6nnen wir noch [&hellip;]<\/p>\n","protected":false},"author":8,"featured_media":0,"parent":0,"menu_order":0,"comment_status":"closed","ping_status":"closed","template":"","meta":{"_monsterinsights_skip_tracking":false,"_monsterinsights_sitenote_active":false,"_monsterinsights_sitenote_note":"","_monsterinsights_sitenote_category":0,"footnotes":"","_links_to":"","_links_to_target":""},"class_list":["post-9653","page","type-page","status-publish","hentry"],"acf":[],"yoast_head":"<!-- This site is optimized with the Yoast SEO plugin v24.3 - https:\/\/yoast.com\/wordpress\/plugins\/seo\/ -->\n<title>Mach mit bei unserem Footprint User Tests - Hilf uns, die Zukunft des Schuheinkaufs zu gestalten. - Footprint - Your personal digital shoe-solution<\/title>\n<meta name=\"robots\" content=\"index, follow, max-snippet:-1, max-image-preview:large, max-video-preview:-1\" \/>\n<link rel=\"canonical\" href=\"https:\/\/myfootprint.app\/de\/mach-mit-bei-unserem-footprint-user-tests-hilf-uns-die-zukunft-des-schuheinkaufs-zu-gestalten\/\" \/>\n<meta property=\"og:locale\" content=\"de_DE\" \/>\n<meta property=\"og:type\" content=\"article\" \/>\n<meta property=\"og:title\" content=\"Mach mit bei unserem Footprint User Tests - Hilf uns, die Zukunft des Schuheinkaufs zu gestalten. - Footprint - Your personal digital shoe-solution\" \/>\n<meta property=\"og:description\" content=\"Wir k\u00f6nnen noch viel besser werden. Versprochen. Wir k\u00f6nnen noch viel besser werden. Versprochen. Unterst\u00fctze uns bei unserer Mission und hilf uns, Retouren beim Online-Shopping deutlich zu reduzieren und nachhaltiger zu machen. Online-Termin buchen Unser Produkt mitgestalten. Den perfekten Schuh zu finden, ist nicht einfach. Aber mit deinem Feedback und deinen Ideen k\u00f6nnen wir noch [&hellip;]\" \/>\n<meta property=\"og:url\" content=\"https:\/\/myfootprint.app\/de\/mach-mit-bei-unserem-footprint-user-tests-hilf-uns-die-zukunft-des-schuheinkaufs-zu-gestalten\/\" \/>\n<meta property=\"og:site_name\" content=\"Footprint - Your personal digital shoe-solution\" \/>\n<meta property=\"article:modified_time\" content=\"2023-10-04T00:44:08+00:00\" \/>\n<meta property=\"og:image\" content=\"https:\/\/myfootprint.app\/wp-content\/uploads\/2023\/09\/yeti_new@2x.0c942a0763738c2acbf7-1-1024x1024.png\" \/>\n<meta name=\"twitter:card\" content=\"summary_large_image\" \/>\n<meta name=\"twitter:label1\" content=\"Gesch\u00e4tzte Lesezeit\" \/>\n\t<meta name=\"twitter:data1\" content=\"1\u00a0Minute\" \/>\n<script type=\"application\/ld+json\" class=\"yoast-schema-graph\">{\"@context\":\"https:\/\/schema.org\",\"@graph\":[{\"@type\":\"WebPage\",\"@id\":\"https:\/\/myfootprint.app\/de\/mach-mit-bei-unserem-footprint-user-tests-hilf-uns-die-zukunft-des-schuheinkaufs-zu-gestalten\/\",\"url\":\"https:\/\/myfootprint.app\/de\/mach-mit-bei-unserem-footprint-user-tests-hilf-uns-die-zukunft-des-schuheinkaufs-zu-gestalten\/\",\"name\":\"Mach mit bei unserem Footprint User Tests - Hilf uns, die Zukunft des Schuheinkaufs zu gestalten. - Footprint - Your personal digital shoe-solution\",\"isPartOf\":{\"@id\":\"https:\/\/myfootprint.app\/#website\"},\"primaryImageOfPage\":{\"@id\":\"https:\/\/myfootprint.app\/de\/mach-mit-bei-unserem-footprint-user-tests-hilf-uns-die-zukunft-des-schuheinkaufs-zu-gestalten\/#primaryimage\"},\"image\":{\"@id\":\"https:\/\/myfootprint.app\/de\/mach-mit-bei-unserem-footprint-user-tests-hilf-uns-die-zukunft-des-schuheinkaufs-zu-gestalten\/#primaryimage\"},\"thumbnailUrl\":\"https:\/\/myfootprint.app\/wp-content\/uploads\/2023\/09\/yeti_new@2x.0c942a0763738c2acbf7-1-1024x1024.png\",\"datePublished\":\"2023-10-03T18:50:53+00:00\",\"dateModified\":\"2023-10-04T00:44:08+00:00\",\"breadcrumb\":{\"@id\":\"https:\/\/myfootprint.app\/de\/mach-mit-bei-unserem-footprint-user-tests-hilf-uns-die-zukunft-des-schuheinkaufs-zu-gestalten\/#breadcrumb\"},\"inLanguage\":\"de\",\"potentialAction\":[{\"@type\":\"ReadAction\",\"target\":[\"https:\/\/myfootprint.app\/de\/mach-mit-bei-unserem-footprint-user-tests-hilf-uns-die-zukunft-des-schuheinkaufs-zu-gestalten\/\"]}]},{\"@type\":\"ImageObject\",\"inLanguage\":\"de\",\"@id\":\"https:\/\/myfootprint.app\/de\/mach-mit-bei-unserem-footprint-user-tests-hilf-uns-die-zukunft-des-schuheinkaufs-zu-gestalten\/#primaryimage\",\"url\":\"https:\/\/myfootprint.app\/wp-content\/uploads\/2023\/09\/yeti_new@2x.0c942a0763738c2acbf7-1-1024x1024.png\",\"contentUrl\":\"https:\/\/myfootprint.app\/wp-content\/uploads\/2023\/09\/yeti_new@2x.0c942a0763738c2acbf7-1-1024x1024.png\"},{\"@type\":\"BreadcrumbList\",\"@id\":\"https:\/\/myfootprint.app\/de\/mach-mit-bei-unserem-footprint-user-tests-hilf-uns-die-zukunft-des-schuheinkaufs-zu-gestalten\/#breadcrumb\",\"itemListElement\":[{\"@type\":\"ListItem\",\"position\":1,\"name\":\"Home\",\"item\":\"https:\/\/myfootprint.app\/\"},{\"@type\":\"ListItem\",\"position\":2,\"name\":\"Mach mit bei unserem Footprint User Tests &#8211; Hilf uns, die Zukunft des Schuheinkaufs zu gestalten.\"}]},{\"@type\":\"WebSite\",\"@id\":\"https:\/\/myfootprint.app\/#website\",\"url\":\"https:\/\/myfootprint.app\/\",\"name\":\"Footprint Technologies GmbH\",\"description\":\"Discover the Footprint App - Simplifying Your Shoe Shopping Experience\",\"publisher\":{\"@id\":\"https:\/\/myfootprint.app\/#organization\"},\"potentialAction\":[{\"@type\":\"SearchAction\",\"target\":{\"@type\":\"EntryPoint\",\"urlTemplate\":\"https:\/\/myfootprint.app\/?s={search_term_string}\"},\"query-input\":{\"@type\":\"PropertyValueSpecification\",\"valueRequired\":true,\"valueName\":\"search_term_string\"}}],\"inLanguage\":\"de\"},{\"@type\":\"Organization\",\"@id\":\"https:\/\/myfootprint.app\/#organization\",\"name\":\"Footprint Technologies GmbH\",\"url\":\"https:\/\/myfootprint.app\/\",\"logo\":{\"@type\":\"ImageObject\",\"inLanguage\":\"de\",\"@id\":\"https:\/\/myfootprint.app\/#\/schema\/logo\/image\/\",\"url\":\"https:\/\/myfootprint.app\/wp-content\/uploads\/2021\/01\/LOGO-2.png\",\"contentUrl\":\"https:\/\/myfootprint.app\/wp-content\/uploads\/2021\/01\/LOGO-2.png\",\"width\":94,\"height\":69,\"caption\":\"Footprint Technologies GmbH\"},\"image\":{\"@id\":\"https:\/\/myfootprint.app\/#\/schema\/logo\/image\/\"},\"sameAs\":[\"https:\/\/www.linkedin.com\/company\/37470869\/\"]}]}<\/script>\n<!-- \/ Yoast SEO plugin. -->","yoast_head_json":{"title":"Mach mit bei unserem Footprint User Tests - Hilf uns, die Zukunft des Schuheinkaufs zu gestalten. - Footprint - Your personal digital shoe-solution","robots":{"index":"index","follow":"follow","max-snippet":"max-snippet:-1","max-image-preview":"max-image-preview:large","max-video-preview":"max-video-preview:-1"},"canonical":"https:\/\/myfootprint.app\/de\/mach-mit-bei-unserem-footprint-user-tests-hilf-uns-die-zukunft-des-schuheinkaufs-zu-gestalten\/","og_locale":"de_DE","og_type":"article","og_title":"Mach mit bei unserem Footprint User Tests - Hilf uns, die Zukunft des Schuheinkaufs zu gestalten. - Footprint - Your personal digital shoe-solution","og_description":"Wir k\u00f6nnen noch viel besser werden. Versprochen. Wir k\u00f6nnen noch viel besser werden. Versprochen. Unterst\u00fctze uns bei unserer Mission und hilf uns, Retouren beim Online-Shopping deutlich zu reduzieren und nachhaltiger zu machen. Online-Termin buchen Unser Produkt mitgestalten. Den perfekten Schuh zu finden, ist nicht einfach. Aber mit deinem Feedback und deinen Ideen k\u00f6nnen wir noch [&hellip;]","og_url":"https:\/\/myfootprint.app\/de\/mach-mit-bei-unserem-footprint-user-tests-hilf-uns-die-zukunft-des-schuheinkaufs-zu-gestalten\/","og_site_name":"Footprint - Your personal digital shoe-solution","article_modified_time":"2023-10-04T00:44:08+00:00","og_image":[{"url":"https:\/\/myfootprint.app\/wp-content\/uploads\/2023\/09\/yeti_new@2x.0c942a0763738c2acbf7-1-1024x1024.png","type":"","width":"","height":""}],"twitter_card":"summary_large_image","twitter_misc":{"Gesch\u00e4tzte Lesezeit":"1\u00a0Minute"},"schema":{"@context":"https:\/\/schema.org","@graph":[{"@type":"WebPage","@id":"https:\/\/myfootprint.app\/de\/mach-mit-bei-unserem-footprint-user-tests-hilf-uns-die-zukunft-des-schuheinkaufs-zu-gestalten\/","url":"https:\/\/myfootprint.app\/de\/mach-mit-bei-unserem-footprint-user-tests-hilf-uns-die-zukunft-des-schuheinkaufs-zu-gestalten\/","name":"Mach mit bei unserem Footprint User Tests - Hilf uns, die Zukunft des Schuheinkaufs zu gestalten. - Footprint - Your personal digital shoe-solution","isPartOf":{"@id":"https:\/\/myfootprint.app\/#website"},"primaryImageOfPage":{"@id":"https:\/\/myfootprint.app\/de\/mach-mit-bei-unserem-footprint-user-tests-hilf-uns-die-zukunft-des-schuheinkaufs-zu-gestalten\/#primaryimage"},"image":{"@id":"https:\/\/myfootprint.app\/de\/mach-mit-bei-unserem-footprint-user-tests-hilf-uns-die-zukunft-des-schuheinkaufs-zu-gestalten\/#primaryimage"},"thumbnailUrl":"https:\/\/myfootprint.app\/wp-content\/uploads\/2023\/09\/yeti_new@2x.0c942a0763738c2acbf7-1-1024x1024.png","datePublished":"2023-10-03T18:50:53+00:00","dateModified":"2023-10-04T00:44:08+00:00","breadcrumb":{"@id":"https:\/\/myfootprint.app\/de\/mach-mit-bei-unserem-footprint-user-tests-hilf-uns-die-zukunft-des-schuheinkaufs-zu-gestalten\/#breadcrumb"},"inLanguage":"de","potentialAction":[{"@type":"ReadAction","target":["https:\/\/myfootprint.app\/de\/mach-mit-bei-unserem-footprint-user-tests-hilf-uns-die-zukunft-des-schuheinkaufs-zu-gestalten\/"]}]},{"@type":"ImageObject","inLanguage":"de","@id":"https:\/\/myfootprint.app\/de\/mach-mit-bei-unserem-footprint-user-tests-hilf-uns-die-zukunft-des-schuheinkaufs-zu-gestalten\/#primaryimage","url":"https:\/\/myfootprint.app\/wp-content\/uploads\/2023\/09\/yeti_new@2x.0c942a0763738c2acbf7-1-1024x1024.png","contentUrl":"https:\/\/myfootprint.app\/wp-content\/uploads\/2023\/09\/yeti_new@2x.0c942a0763738c2acbf7-1-1024x1024.png"},{"@type":"BreadcrumbList","@id":"https:\/\/myfootprint.app\/de\/mach-mit-bei-unserem-footprint-user-tests-hilf-uns-die-zukunft-des-schuheinkaufs-zu-gestalten\/#breadcrumb","itemListElement":[{"@type":"ListItem","position":1,"name":"Home","item":"https:\/\/myfootprint.app\/"},{"@type":"ListItem","position":2,"name":"Mach mit bei unserem Footprint User Tests &#8211; Hilf uns, die Zukunft des Schuheinkaufs zu gestalten."}]},{"@type":"WebSite","@id":"https:\/\/myfootprint.app\/#website","url":"https:\/\/myfootprint.app\/","name":"Footprint Technologies GmbH","description":"Discover the Footprint App - Simplifying Your Shoe Shopping Experience","publisher":{"@id":"https:\/\/myfootprint.app\/#organization"},"potentialAction":[{"@type":"SearchAction","target":{"@type":"EntryPoint","urlTemplate":"https:\/\/myfootprint.app\/?s={search_term_string}"},"query-input":{"@type":"PropertyValueSpecification","valueRequired":true,"valueName":"search_term_string"}}],"inLanguage":"de"},{"@type":"Organization","@id":"https:\/\/myfootprint.app\/#organization","name":"Footprint Technologies GmbH","url":"https:\/\/myfootprint.app\/","logo":{"@type":"ImageObject","inLanguage":"de","@id":"https:\/\/myfootprint.app\/#\/schema\/logo\/image\/","url":"https:\/\/myfootprint.app\/wp-content\/uploads\/2021\/01\/LOGO-2.png","contentUrl":"https:\/\/myfootprint.app\/wp-content\/uploads\/2021\/01\/LOGO-2.png","width":94,"height":69,"caption":"Footprint Technologies GmbH"},"image":{"@id":"https:\/\/myfootprint.app\/#\/schema\/logo\/image\/"},"sameAs":["https:\/\/www.linkedin.com\/company\/37470869\/"]}]}},"_links":{"self":[{"href":"https:\/\/myfootprint.app\/de\/wp-json\/wp\/v2\/pages\/9653","targetHints":{"allow":["GET"]}}],"collection":[{"href":"https:\/\/myfootprint.app\/de\/wp-json\/wp\/v2\/pages"}],"about":[{"href":"https:\/\/myfootprint.app\/de\/wp-json\/wp\/v2\/types\/page"}],"author":[{"embeddable":true,"href":"https:\/\/myfootprint.app\/de\/wp-json\/wp\/v2\/users\/8"}],"replies":[{"embeddable":true,"href":"https:\/\/myfootprint.app\/de\/wp-json\/wp\/v2\/comments?post=9653"}],"version-history":[{"count":4,"href":"https:\/\/myfootprint.app\/de\/wp-json\/wp\/v2\/pages\/9653\/revisions"}],"predecessor-version":[{"id":9677,"href":"https:\/\/myfootprint.app\/de\/wp-json\/wp\/v2\/pages\/9653\/revisions\/9677"}],"wp:attachment":[{"href":"https:\/\/myfootprint.app\/de\/wp-json\/wp\/v2\/media?parent=9653"}],"curies":[{"name":"wp","href":"https:\/\/api.w.org\/{rel}","templated":true}]}}