{"id":9635,"date":"2023-10-03T15:43:26","date_gmt":"2023-10-03T13:43:26","guid":{"rendered":"https:\/\/myfootprint.app\/hilfe-center\/"},"modified":"2023-10-03T15:43:27","modified_gmt":"2023-10-03T13:43:27","slug":"hilfe-center","status":"publish","type":"page","link":"https:\/\/myfootprint.app\/de\/hilfe-center\/","title":{"rendered":"Hilfe-Center"},"content":{"rendered":"\t\t<div data-elementor-type=\"wp-page\" data-elementor-id=\"9635\" class=\"elementor elementor-9635 elementor-8581\" data-elementor-post-type=\"page\">\n\t\t\t\t<div class=\"elementor-element elementor-element-d3210b8 e-flex e-con-boxed e-con e-parent\" data-id=\"d3210b8\" data-element_type=\"container\" data-settings=\"{&quot;background_background&quot;:&quot;classic&quot;}\">\n\t\t\t\t\t<div class=\"e-con-inner\">\n\t\t\t\t<div class=\"elementor-element elementor-element-2051c66 elementor-widget-mobile__width-inherit elementor-invisible elementor-widget elementor-widget-heading\" data-id=\"2051c66\" data-element_type=\"widget\" data-settings=\"{&quot;_animation&quot;:&quot;fadeIn&quot;}\" data-widget_type=\"heading.default\">\n\t\t\t\t<div class=\"elementor-widget-container\">\n\t\t\t<style>\/*! elementor - v3.22.0 - 26-06-2024 *\/\n.elementor-heading-title{padding:0;margin:0;line-height:1}.elementor-widget-heading .elementor-heading-title[class*=elementor-size-]>a{color:inherit;font-size:inherit;line-height:inherit}.elementor-widget-heading .elementor-heading-title.elementor-size-small{font-size:15px}.elementor-widget-heading .elementor-heading-title.elementor-size-medium{font-size:19px}.elementor-widget-heading .elementor-heading-title.elementor-size-large{font-size:29px}.elementor-widget-heading .elementor-heading-title.elementor-size-xl{font-size:39px}.elementor-widget-heading .elementor-heading-title.elementor-size-xxl{font-size:59px}<\/style><h1 class=\"elementor-heading-title elementor-size-default\">Hilfe-Center<\/h1>\t\t<\/div>\n\t\t\t\t<\/div>\n\t\t\t\t<div class=\"elementor-element elementor-element-e174ce1 elementor-widget elementor-widget-heading\" data-id=\"e174ce1\" data-element_type=\"widget\" data-widget_type=\"heading.default\">\n\t\t\t\t<div class=\"elementor-widget-container\">\n\t\t\t<h2 class=\"elementor-heading-title elementor-size-default\">Ben\u00f6tigen Sie Hilfe?<\/h2>\t\t<\/div>\n\t\t\t\t<\/div>\n\t\t\t\t<div class=\"elementor-element elementor-element-f5298c6 elementor-widget elementor-widget-heading\" data-id=\"f5298c6\" data-element_type=\"widget\" data-widget_type=\"heading.default\">\n\t\t\t\t<div class=\"elementor-widget-container\">\n\t\t\t<span class=\"elementor-heading-title elementor-size-default\">Hilfreiche Ratschl\u00e4ge und Antworten vom Footprint-Team<\/span>\t\t<\/div>\n\t\t\t\t<\/div>\n\t\t<div class=\"elementor-element elementor-element-8e601b3 e-con-full e-flex e-con e-parent\" data-id=\"8e601b3\" data-element_type=\"container\">\n\t\t<div class=\"elementor-element elementor-element-32eca89 e-con-full e-flex elementor-invisible e-con e-parent\" data-id=\"32eca89\" data-element_type=\"container\" data-settings=\"{&quot;animation&quot;:&quot;fadeIn&quot;}\">\n\t\t<a class=\"elementor-element elementor-element-f3f4529 e-con-full e-flex e-con e-parent\" data-id=\"f3f4529\" data-element_type=\"container\" data-settings=\"{&quot;background_background&quot;:&quot;classic&quot;}\" href=\"https:\/\/myfootprint.app\/faq_category\/get-to-know-footprint\/\">\n\t\t\t\t<div class=\"elementor-element elementor-element-9fd6abc elementor-widget__width-auto elementor-invisible elementor-widget elementor-widget-heading\" data-id=\"9fd6abc\" data-element_type=\"widget\" data-settings=\"{&quot;_animation&quot;:&quot;fadeIn&quot;}\" data-widget_type=\"heading.default\">\n\t\t\t\t<div class=\"elementor-widget-container\">\n\t\t\t<h3 class=\"elementor-heading-title elementor-size-default\">Lernen Sie Footprint kennen<\/h3>\t\t<\/div>\n\t\t\t\t<\/div>\n\t\t\t\t<div class=\"elementor-element elementor-element-23e0986 elementor-widget elementor-widget-text-editor\" data-id=\"23e0986\" data-element_type=\"widget\" data-widget_type=\"text-editor.default\">\n\t\t\t\t<div class=\"elementor-widget-container\">\n\t\t\t<style>\/*! elementor - v3.22.0 - 26-06-2024 *\/\n.elementor-widget-text-editor.elementor-drop-cap-view-stacked .elementor-drop-cap{background-color:#69727d;color:#fff}.elementor-widget-text-editor.elementor-drop-cap-view-framed .elementor-drop-cap{color:#69727d;border:3px solid;background-color:transparent}.elementor-widget-text-editor:not(.elementor-drop-cap-view-default) .elementor-drop-cap{margin-top:8px}.elementor-widget-text-editor:not(.elementor-drop-cap-view-default) .elementor-drop-cap-letter{width:1em;height:1em}.elementor-widget-text-editor .elementor-drop-cap{float:left;text-align:center;line-height:1;font-size:50px}.elementor-widget-text-editor .elementor-drop-cap-letter{display:inline-block}<\/style>\t\t\t\t<p>Verwalten Sie Ihr Konto, nehmen Sie Messungen vor, und arbeiten Sie mit anderen zusammen.<\/p>\n\t\t\t\t\t\t<\/div>\n\t\t\t\t<\/div>\n\t\t\t\t<\/a>\n\t\t<a class=\"elementor-element elementor-element-b8481a4 e-con-full e-flex e-con e-parent\" data-id=\"b8481a4\" data-element_type=\"container\" data-settings=\"{&quot;background_background&quot;:&quot;classic&quot;}\" href=\"https:\/\/myfootprint.app\/faq_category\/taking-measurements-of-feet\/\">\n\t\t\t\t<div class=\"elementor-element elementor-element-161b0b3 elementor-widget__width-auto elementor-invisible elementor-widget elementor-widget-heading\" data-id=\"161b0b3\" data-element_type=\"widget\" data-settings=\"{&quot;_animation&quot;:&quot;fadeIn&quot;}\" data-widget_type=\"heading.default\">\n\t\t\t\t<div class=\"elementor-widget-container\">\n\t\t\t<h3 class=\"elementor-heading-title elementor-size-default\">Die F\u00fc\u00dfe richtig messen<\/h3>\t\t<\/div>\n\t\t\t\t<\/div>\n\t\t\t\t<div class=\"elementor-element elementor-element-790713a elementor-widget elementor-widget-text-editor\" data-id=\"790713a\" data-element_type=\"widget\" data-widget_type=\"text-editor.default\">\n\t\t\t\t<div class=\"elementor-widget-container\">\n\t\t\t\t\t\t\t<p>Wie man eine Messung erfolgreich durchf\u00fchrt<\/p>\n\t\t\t\t\t\t<\/div>\n\t\t\t\t<\/div>\n\t\t\t\t<\/a>\n\t\t\t\t<\/div>\n\t\t<div class=\"elementor-element elementor-element-84495bf e-con-full elementor-hidden-desktop elementor-hidden-tablet elementor-hidden-mobile e-flex elementor-invisible e-con e-parent\" data-id=\"84495bf\" data-element_type=\"container\" data-settings=\"{&quot;animation&quot;:&quot;fadeIn&quot;}\">\n\t\t<a class=\"elementor-element elementor-element-ec046ea e-con-full e-flex e-con e-parent\" data-id=\"ec046ea\" data-element_type=\"container\" data-settings=\"{&quot;background_background&quot;:&quot;classic&quot;}\" href=\"https:\/\/myfootprint.app\/faq_category\/all-about-your-footprint-account\/\">\n\t\t\t\t<div class=\"elementor-element elementor-element-f243a2c elementor-widget__width-auto elementor-invisible elementor-widget elementor-widget-heading\" data-id=\"f243a2c\" data-element_type=\"widget\" data-settings=\"{&quot;_animation&quot;:&quot;fadeIn&quot;}\" data-widget_type=\"heading.default\">\n\t\t\t\t<div class=\"elementor-widget-container\">\n\t\t\t<h3 class=\"elementor-heading-title elementor-size-default\">Wissenswertes \u00fcber Ihr Footprint-Konto<\/h3>\t\t<\/div>\n\t\t\t\t<\/div>\n\t\t\t\t<div class=\"elementor-element elementor-element-8909b20 elementor-widget elementor-widget-text-editor\" data-id=\"8909b20\" data-element_type=\"widget\" data-widget_type=\"text-editor.default\">\n\t\t\t\t<div class=\"elementor-widget-container\">\n\t\t\t\t\t\t\t<p>Registrieren Sie sich mit Ihrer E-Mail-Adresse bei Footprint.<\/p>\n\t\t\t\t\t\t<\/div>\n\t\t\t\t<\/div>\n\t\t\t\t<\/a>\n\t\t<a class=\"elementor-element elementor-element-33786b2 e-con-full e-flex e-con e-parent\" data-id=\"33786b2\" data-element_type=\"container\" data-settings=\"{&quot;background_background&quot;:&quot;classic&quot;}\" href=\"https:\/\/myfootprint.app\/faq_category\/about-profiles\/\">\n\t\t\t\t<div class=\"elementor-element elementor-element-662da95 elementor-widget__width-auto elementor-invisible elementor-widget elementor-widget-heading\" data-id=\"662da95\" data-element_type=\"widget\" data-settings=\"{&quot;_animation&quot;:&quot;fadeIn&quot;}\" data-widget_type=\"heading.default\">\n\t\t\t\t<div class=\"elementor-widget-container\">\n\t\t\t<h3 class=\"elementor-heading-title elementor-size-default\">\u00dcber Profile<\/h3>\t\t<\/div>\n\t\t\t\t<\/div>\n\t\t\t\t<div class=\"elementor-element elementor-element-03a3813 elementor-widget elementor-widget-text-editor\" data-id=\"03a3813\" data-element_type=\"widget\" data-widget_type=\"text-editor.default\">\n\t\t\t\t<div class=\"elementor-widget-container\">\n\t\t\t\t\t\t\t<p>Wissenswertes \u00fcber Profile erfahren<\/p>\n\t\t\t\t\t\t<\/div>\n\t\t\t\t<\/div>\n\t\t\t\t<\/a>\n\t\t\t\t<\/div>\n\t\t\t\t<\/div>\n\t\t\t\t\t<\/div>\n\t\t\t\t<\/div>\n\t\t\t\t<\/div>\n\t\t","protected":false},"excerpt":{"rendered":"<p>Ben\u00f6tigen Sie Hilfe? Hilfreiche Ratschl\u00e4ge und Antworten vom Footprint-Team Lernen Sie Footprint kennen Verwalten Sie Ihr Konto, nehmen Sie Messungen vor, und arbeiten Sie mit anderen zusammen. Die F\u00fc\u00dfe richtig messen Wie man eine Messung erfolgreich durchf\u00fchrt Wissenswertes \u00fcber Ihr Footprint-Konto Registrieren Sie sich mit Ihrer E-Mail-Adresse bei Footprint. \u00dcber Profile Wissenswertes \u00fcber Profile erfahren<\/p>\n","protected":false},"author":8,"featured_media":9636,"parent":0,"menu_order":0,"comment_status":"closed","ping_status":"closed","template":"","meta":{"_monsterinsights_skip_tracking":false,"_monsterinsights_sitenote_active":false,"_monsterinsights_sitenote_note":"","_monsterinsights_sitenote_category":0,"footnotes":"","_links_to":"","_links_to_target":""},"class_list":["post-9635","page","type-page","status-publish","has-post-thumbnail","hentry"],"acf":[],"yoast_head":"<!-- This site is optimized with the Yoast SEO plugin v24.3 - https:\/\/yoast.com\/wordpress\/plugins\/seo\/ -->\n<title>Hilfe-Center - Footprint - Your personal digital shoe-solution<\/title>\n<meta name=\"robots\" content=\"index, follow, max-snippet:-1, max-image-preview:large, max-video-preview:-1\" \/>\n<link rel=\"canonical\" href=\"https:\/\/myfootprint.app\/de\/hilfe-center\/\" \/>\n<meta property=\"og:locale\" content=\"de_DE\" \/>\n<meta property=\"og:type\" content=\"article\" \/>\n<meta property=\"og:title\" content=\"Hilfe-Center - Footprint - Your personal digital shoe-solution\" \/>\n<meta property=\"og:description\" content=\"Ben\u00f6tigen Sie Hilfe? Hilfreiche Ratschl\u00e4ge und Antworten vom Footprint-Team Lernen Sie Footprint kennen Verwalten Sie Ihr Konto, nehmen Sie Messungen vor, und arbeiten Sie mit anderen zusammen. Die F\u00fc\u00dfe richtig messen Wie man eine Messung erfolgreich durchf\u00fchrt Wissenswertes \u00fcber Ihr Footprint-Konto Registrieren Sie sich mit Ihrer E-Mail-Adresse bei Footprint. \u00dcber Profile Wissenswertes \u00fcber Profile erfahren\" \/>\n<meta property=\"og:url\" content=\"https:\/\/myfootprint.app\/de\/hilfe-center\/\" \/>\n<meta property=\"og:site_name\" content=\"Footprint - Your personal digital shoe-solution\" \/>\n<meta property=\"article:modified_time\" content=\"2023-10-03T13:43:27+00:00\" \/>\n<meta property=\"og:image\" content=\"https:\/\/myfootprint.app\/wp-content\/uploads\/2023\/08\/Default_A_closeup_of_a_cardboard_box_with_a_pair_of_human_feet_0_0f53f2d5-33d3-46b8-bc49-e6f758b0d2a3_1-scaled.jpg\" \/>\n\t<meta property=\"og:image:width\" content=\"2560\" \/>\n\t<meta property=\"og:image:height\" content=\"1280\" \/>\n\t<meta property=\"og:image:type\" content=\"image\/jpeg\" \/>\n<meta name=\"twitter:card\" content=\"summary_large_image\" \/>\n<script type=\"application\/ld+json\" class=\"yoast-schema-graph\">{\"@context\":\"https:\/\/schema.org\",\"@graph\":[{\"@type\":\"WebPage\",\"@id\":\"https:\/\/myfootprint.app\/de\/hilfe-center\/\",\"url\":\"https:\/\/myfootprint.app\/de\/hilfe-center\/\",\"name\":\"Hilfe-Center - Footprint - Your personal digital shoe-solution\",\"isPartOf\":{\"@id\":\"https:\/\/myfootprint.app\/#website\"},\"primaryImageOfPage\":{\"@id\":\"https:\/\/myfootprint.app\/de\/hilfe-center\/#primaryimage\"},\"image\":{\"@id\":\"https:\/\/myfootprint.app\/de\/hilfe-center\/#primaryimage\"},\"thumbnailUrl\":\"https:\/\/myfootprint.app\/wp-content\/uploads\/2023\/08\/Default_A_closeup_of_a_cardboard_box_with_a_pair_of_human_feet_0_0f53f2d5-33d3-46b8-bc49-e6f758b0d2a3_1-scaled.jpg\",\"datePublished\":\"2023-10-03T13:43:26+00:00\",\"dateModified\":\"2023-10-03T13:43:27+00:00\",\"breadcrumb\":{\"@id\":\"https:\/\/myfootprint.app\/de\/hilfe-center\/#breadcrumb\"},\"inLanguage\":\"de\",\"potentialAction\":[{\"@type\":\"ReadAction\",\"target\":[\"https:\/\/myfootprint.app\/de\/hilfe-center\/\"]}]},{\"@type\":\"ImageObject\",\"inLanguage\":\"de\",\"@id\":\"https:\/\/myfootprint.app\/de\/hilfe-center\/#primaryimage\",\"url\":\"https:\/\/myfootprint.app\/wp-content\/uploads\/2023\/08\/Default_A_closeup_of_a_cardboard_box_with_a_pair_of_human_feet_0_0f53f2d5-33d3-46b8-bc49-e6f758b0d2a3_1-scaled.jpg\",\"contentUrl\":\"https:\/\/myfootprint.app\/wp-content\/uploads\/2023\/08\/Default_A_closeup_of_a_cardboard_box_with_a_pair_of_human_feet_0_0f53f2d5-33d3-46b8-bc49-e6f758b0d2a3_1-scaled.jpg\",\"width\":2560,\"height\":1280},{\"@type\":\"BreadcrumbList\",\"@id\":\"https:\/\/myfootprint.app\/de\/hilfe-center\/#breadcrumb\",\"itemListElement\":[{\"@type\":\"ListItem\",\"position\":1,\"name\":\"Home\",\"item\":\"https:\/\/myfootprint.app\/\"},{\"@type\":\"ListItem\",\"position\":2,\"name\":\"Hilfe-Center\"}]},{\"@type\":\"WebSite\",\"@id\":\"https:\/\/myfootprint.app\/#website\",\"url\":\"https:\/\/myfootprint.app\/\",\"name\":\"Footprint Technologies GmbH\",\"description\":\"Discover the Footprint App - Simplifying Your Shoe Shopping Experience\",\"publisher\":{\"@id\":\"https:\/\/myfootprint.app\/#organization\"},\"potentialAction\":[{\"@type\":\"SearchAction\",\"target\":{\"@type\":\"EntryPoint\",\"urlTemplate\":\"https:\/\/myfootprint.app\/?s={search_term_string}\"},\"query-input\":{\"@type\":\"PropertyValueSpecification\",\"valueRequired\":true,\"valueName\":\"search_term_string\"}}],\"inLanguage\":\"de\"},{\"@type\":\"Organization\",\"@id\":\"https:\/\/myfootprint.app\/#organization\",\"name\":\"Footprint Technologies GmbH\",\"url\":\"https:\/\/myfootprint.app\/\",\"logo\":{\"@type\":\"ImageObject\",\"inLanguage\":\"de\",\"@id\":\"https:\/\/myfootprint.app\/#\/schema\/logo\/image\/\",\"url\":\"https:\/\/myfootprint.app\/wp-content\/uploads\/2021\/01\/LOGO-2.png\",\"contentUrl\":\"https:\/\/myfootprint.app\/wp-content\/uploads\/2021\/01\/LOGO-2.png\",\"width\":94,\"height\":69,\"caption\":\"Footprint Technologies GmbH\"},\"image\":{\"@id\":\"https:\/\/myfootprint.app\/#\/schema\/logo\/image\/\"},\"sameAs\":[\"https:\/\/www.linkedin.com\/company\/37470869\/\"]}]}<\/script>\n<!-- \/ Yoast SEO plugin. -->","yoast_head_json":{"title":"Hilfe-Center - Footprint - Your personal digital shoe-solution","robots":{"index":"index","follow":"follow","max-snippet":"max-snippet:-1","max-image-preview":"max-image-preview:large","max-video-preview":"max-video-preview:-1"},"canonical":"https:\/\/myfootprint.app\/de\/hilfe-center\/","og_locale":"de_DE","og_type":"article","og_title":"Hilfe-Center - Footprint - Your personal digital shoe-solution","og_description":"Ben\u00f6tigen Sie Hilfe? Hilfreiche Ratschl\u00e4ge und Antworten vom Footprint-Team Lernen Sie Footprint kennen Verwalten Sie Ihr Konto, nehmen Sie Messungen vor, und arbeiten Sie mit anderen zusammen. Die F\u00fc\u00dfe richtig messen Wie man eine Messung erfolgreich durchf\u00fchrt Wissenswertes \u00fcber Ihr Footprint-Konto Registrieren Sie sich mit Ihrer E-Mail-Adresse bei Footprint. \u00dcber Profile Wissenswertes \u00fcber Profile erfahren","og_url":"https:\/\/myfootprint.app\/de\/hilfe-center\/","og_site_name":"Footprint - Your personal digital shoe-solution","article_modified_time":"2023-10-03T13:43:27+00:00","og_image":[{"width":2560,"height":1280,"url":"https:\/\/myfootprint.app\/wp-content\/uploads\/2023\/08\/Default_A_closeup_of_a_cardboard_box_with_a_pair_of_human_feet_0_0f53f2d5-33d3-46b8-bc49-e6f758b0d2a3_1-scaled.jpg","type":"image\/jpeg"}],"twitter_card":"summary_large_image","schema":{"@context":"https:\/\/schema.org","@graph":[{"@type":"WebPage","@id":"https:\/\/myfootprint.app\/de\/hilfe-center\/","url":"https:\/\/myfootprint.app\/de\/hilfe-center\/","name":"Hilfe-Center - Footprint - Your personal digital shoe-solution","isPartOf":{"@id":"https:\/\/myfootprint.app\/#website"},"primaryImageOfPage":{"@id":"https:\/\/myfootprint.app\/de\/hilfe-center\/#primaryimage"},"image":{"@id":"https:\/\/myfootprint.app\/de\/hilfe-center\/#primaryimage"},"thumbnailUrl":"https:\/\/myfootprint.app\/wp-content\/uploads\/2023\/08\/Default_A_closeup_of_a_cardboard_box_with_a_pair_of_human_feet_0_0f53f2d5-33d3-46b8-bc49-e6f758b0d2a3_1-scaled.jpg","datePublished":"2023-10-03T13:43:26+00:00","dateModified":"2023-10-03T13:43:27+00:00","breadcrumb":{"@id":"https:\/\/myfootprint.app\/de\/hilfe-center\/#breadcrumb"},"inLanguage":"de","potentialAction":[{"@type":"ReadAction","target":["https:\/\/myfootprint.app\/de\/hilfe-center\/"]}]},{"@type":"ImageObject","inLanguage":"de","@id":"https:\/\/myfootprint.app\/de\/hilfe-center\/#primaryimage","url":"https:\/\/myfootprint.app\/wp-content\/uploads\/2023\/08\/Default_A_closeup_of_a_cardboard_box_with_a_pair_of_human_feet_0_0f53f2d5-33d3-46b8-bc49-e6f758b0d2a3_1-scaled.jpg","contentUrl":"https:\/\/myfootprint.app\/wp-content\/uploads\/2023\/08\/Default_A_closeup_of_a_cardboard_box_with_a_pair_of_human_feet_0_0f53f2d5-33d3-46b8-bc49-e6f758b0d2a3_1-scaled.jpg","width":2560,"height":1280},{"@type":"BreadcrumbList","@id":"https:\/\/myfootprint.app\/de\/hilfe-center\/#breadcrumb","itemListElement":[{"@type":"ListItem","position":1,"name":"Home","item":"https:\/\/myfootprint.app\/"},{"@type":"ListItem","position":2,"name":"Hilfe-Center"}]},{"@type":"WebSite","@id":"https:\/\/myfootprint.app\/#website","url":"https:\/\/myfootprint.app\/","name":"Footprint Technologies GmbH","description":"Discover the Footprint App - Simplifying Your Shoe Shopping Experience","publisher":{"@id":"https:\/\/myfootprint.app\/#organization"},"potentialAction":[{"@type":"SearchAction","target":{"@type":"EntryPoint","urlTemplate":"https:\/\/myfootprint.app\/?s={search_term_string}"},"query-input":{"@type":"PropertyValueSpecification","valueRequired":true,"valueName":"search_term_string"}}],"inLanguage":"de"},{"@type":"Organization","@id":"https:\/\/myfootprint.app\/#organization","name":"Footprint Technologies GmbH","url":"https:\/\/myfootprint.app\/","logo":{"@type":"ImageObject","inLanguage":"de","@id":"https:\/\/myfootprint.app\/#\/schema\/logo\/image\/","url":"https:\/\/myfootprint.app\/wp-content\/uploads\/2021\/01\/LOGO-2.png","contentUrl":"https:\/\/myfootprint.app\/wp-content\/uploads\/2021\/01\/LOGO-2.png","width":94,"height":69,"caption":"Footprint Technologies GmbH"},"image":{"@id":"https:\/\/myfootprint.app\/#\/schema\/logo\/image\/"},"sameAs":["https:\/\/www.linkedin.com\/company\/37470869\/"]}]}},"_links":{"self":[{"href":"https:\/\/myfootprint.app\/de\/wp-json\/wp\/v2\/pages\/9635","targetHints":{"allow":["GET"]}}],"collection":[{"href":"https:\/\/myfootprint.app\/de\/wp-json\/wp\/v2\/pages"}],"about":[{"href":"https:\/\/myfootprint.app\/de\/wp-json\/wp\/v2\/types\/page"}],"author":[{"embeddable":true,"href":"https:\/\/myfootprint.app\/de\/wp-json\/wp\/v2\/users\/8"}],"replies":[{"embeddable":true,"href":"https:\/\/myfootprint.app\/de\/wp-json\/wp\/v2\/comments?post=9635"}],"version-history":[{"count":1,"href":"https:\/\/myfootprint.app\/de\/wp-json\/wp\/v2\/pages\/9635\/revisions"}],"predecessor-version":[{"id":9637,"href":"https:\/\/myfootprint.app\/de\/wp-json\/wp\/v2\/pages\/9635\/revisions\/9637"}],"wp:featuredmedia":[{"embeddable":true,"href":"https:\/\/myfootprint.app\/de\/wp-json\/wp\/v2\/media\/9636"}],"wp:attachment":[{"href":"https:\/\/myfootprint.app\/de\/wp-json\/wp\/v2\/media?parent=9635"}],"curies":[{"name":"wp","href":"https:\/\/api.w.org\/{rel}","templated":true}]}}